{"id":2644,"date":"2018-06-06T04:55:21","date_gmt":"2018-06-06T04:55:21","guid":{"rendered":"https:\/\/themes.themegoods.com\/hoteller\/city\/?page_id=3"},"modified":"2022-03-09T20:25:35","modified_gmt":"2022-03-09T20:25:35","slug":"privatumo-politika","status":"publish","type":"page","link":"https:\/\/hotelgrafaite.com\/en\/privatumo-politika\/","title":{"rendered":"Privacy policy"},"content":{"rendered":"<p><span style=\"font-weight: 400;\">UAB \u201eGrafaite\u201c respects the privacy of guests and interested parties and is committed to protecting it by providing accommodation services, fairly and lawfully handling and maintaining the data provided during your registration. The privacy policy reflects the data processing practices of UAB \u201eGrafaite\u201c. If you have any questions regarding the processing of personal data, please send an e-mail. Email: info@hotelgrafaite.lt<\/span><\/p>\n<h2><strong>1. Collection of information<\/strong><\/h2>\n<p><span style=\"font-weight: 400;\">UAB \u201cGrafaite\u201d follows the Law on Legal Protection of Personal Data of the Republic of Lithuania and the General Data Protection Regulation.<\/span><\/p>\n<p><span style=\"font-weight: 400;\">The following information about guests is collected by UAB \u201eGrafaite\u201c Sales, Marketing and Communication Department, <\/span><a href=\"http:\/\/www.grafaite.lt\"><span style=\"font-weight: 400;\">website www.hotelgrafaite.lt<\/span><\/a><span style=\"font-weight: 400;\">\u00a0<\/span><\/p>\n<p><span style=\"font-weight: 400;\">\u00a0We collect data about our Guests using:<\/span><\/p>\n<ul>\n<li style=\"font-weight: 400;\" aria-level=\"1\"><span style=\"font-weight: 400;\">electronic marketing and registration forms;<\/span><\/li>\n<li style=\"font-weight: 400;\" aria-level=\"1\"><span style=\"font-weight: 400;\">when you order our services;<\/span><\/li>\n<li style=\"font-weight: 400;\" aria-level=\"1\"><span style=\"font-weight: 400;\">after you provide details about yourself through the booking system.<\/span><\/li>\n<\/ul>\n<h2><strong>2. Use of Personal Information<\/strong><\/h2>\n<p><span style=\"font-weight: 400;\">We use your personal data for the following purposes:<\/span><\/p>\n<ul>\n<li style=\"font-weight: 400;\" aria-level=\"1\"><span style=\"font-weight: 400;\">providing you with accommodation services;<\/span><\/li>\n<li style=\"font-weight: 400;\" aria-level=\"1\"><span style=\"font-weight: 400;\">handling orders, registration, inquiries;<\/span><\/li>\n<li style=\"font-weight: 400;\" aria-level=\"1\"><span style=\"font-weight: 400;\">sending you information about our services and special offers (if you agree to receive such information);<\/span><\/li>\n<li style=\"font-weight: 400;\" aria-level=\"1\"><span style=\"font-weight: 400;\">contacting you to evaluate the quality of services provided.<\/span><\/li>\n<\/ul>\n<p><span style=\"font-weight: 400;\">Under no circumstances will the personal data you provide be passed on to third parties, except in the following cases:<\/span><\/p>\n<ul>\n<li style=\"font-weight: 400;\" aria-level=\"1\"><span style=\"font-weight: 400;\">if you have your consent to the disclosure of Personal Data;<\/span><\/li>\n<li style=\"font-weight: 400;\" aria-level=\"1\"><span style=\"font-weight: 400;\">law enforcement authorities in accordance with the procedure provided for in the legal acts of the Republic of Lithuania.<\/span><\/li>\n<\/ul>\n<p><span style=\"font-weight: 400;\">With your consent, contact you by phone or email. For direct marketing purposes, we will try to send you information about special offers that may be of interest to you. You can adjust your receipt of this information at any time by contacting us by email. email <\/span><a href=\"mailto:info@hotelgrafaite.lt\"><span style=\"font-weight: 400;\">info@hotelgrafaite.lt<\/span><\/a><span style=\"font-weight: 400;\">\u00a0<\/span><\/p>\n<p><span style=\"font-weight: 400;\">You have the right to object to the processing of your personal data for direct marketing purposes without giving reasons, as well as to request in writing the correction of incorrect, incomplete, inaccurate personal data.<\/span><\/p>\n<p><span style=\"font-weight: 400;\">We will protect your personal information to the extent necessary to fulfill the purposes set out in this Privacy Policy. Data is stored for a maximum of 3 years for subscription and direct marketing purposes. You have the right to access your Personal Data held by us. In order to find out what personal data we have collected or received and from what sources, for what purposes it is processed and whether all your personal data is complete and correct, you must contact us in advance from the email address provided to us. We do not provide such information over the phone. You also have the right to:<\/span><\/p>\n<ul>\n<li style=\"font-weight: 400;\" aria-level=\"1\"><span style=\"font-weight: 400;\">by submitting a written, e-mail or telephone request to us to suspend the processing of Personal Data;<\/span><\/li>\n<li style=\"font-weight: 400;\" aria-level=\"1\"><span style=\"font-weight: 400;\">find out what data we process about you;<\/span><\/li>\n<li style=\"font-weight: 400;\" aria-level=\"1\"><span style=\"font-weight: 400;\">be forgotten, demand that we destroy the data we process about you;<\/span><\/li>\n<li style=\"font-weight: 400;\" aria-level=\"1\"><span style=\"font-weight: 400;\">require us to transfer the data we process about you to another controller of personal data;<\/span><\/li>\n<li style=\"font-weight: 400;\" aria-level=\"1\"><span style=\"font-weight: 400;\">by not agreeing to the Privacy Policy, not agreeing to the processing of your Personal Data;<\/span><\/li>\n<li style=\"font-weight: 400;\" aria-level=\"1\"><span style=\"font-weight: 400;\">expressing your disagreement immediately or submitting a subsequent notice of disagreement with the processing of your Personal Data for Direct Marketing purposes.<\/span><\/li>\n<\/ul>\n<p><span style=\"font-weight: 400;\">By ordering our services, you agree that your Personal Data will be used to perform the accommodation service. You agree in advance that we have the right to store your Personal Data on the server in the cloud to the extent necessary in accordance with the requirements of the legislation of the Republic of Lithuania.<\/span><\/p>\n<p><span style=\"font-weight: 400;\">You must submit to us in writing any request or instruction relating to the processing of your personal data in one of the following ways:<\/span><\/p>\n<ul>\n<li style=\"font-weight: 400;\" aria-level=\"1\"><span style=\"font-weight: 400;\">by submitting such a request or instruction to us directly at: <\/span><span style=\"font-weight: 400;\">Au\u0161ros str. 1, Siauliai LT-81493, Lithuania<\/span><\/li>\n<li style=\"font-weight: 400;\" aria-level=\"1\"><span style=\"font-weight: 400;\">by sending such a request or instruction to the e-mail address <\/span><a href=\"mailto:info@grafaitehotel.lt\"><span style=\"font-weight: 400;\">info@hotelgrafaite.lt<\/span><\/a><span style=\"font-weight: 400;\"> which you provided to us during the reservation.<\/span><\/li>\n<\/ul>","protected":false},"excerpt":{"rendered":"<p>UAB ,,Grafait\u0117\u201c, gerbia sve\u010di\u0173 bei suinteresuot\u0173 asmen\u0173 privatum\u0105 ir yra pasiry\u017eusi j\u012f saugoti, teikiant apgyvendinimo paslaugas, s\u0105\u017einingai bei teis\u0117tai tvarkyti ir pri\u017ei\u016br\u0117ti J\u016bs\u0173 registracijos metu\u00a0 pateiktus duomenis. Privatumo politika atspindi UAB ,,Grafait\u0117\u201d, taikom\u0105 sve\u010di\u0173 bei suinteresuot\u0173 asmen\u0173 duomen\u0173 tvarkymo praktik\u0105. Jei Jums kilt\u0173 klausim\u0173, susijusi\u0173 su asmens duomen\u0173 tvarkymu, si\u0173skite lai\u0161k\u0105 el. pa\u0161tu: info@hotelgrafaite.lt 1. [&hellip;]<\/p>\n","protected":false},"author":1,"featured_media":0,"parent":0,"menu_order":0,"comment_status":"closed","ping_status":"open","template":"","meta":{"_monsterinsights_skip_tracking":false,"_monsterinsights_sitenote_active":false,"_monsterinsights_sitenote_note":"","_monsterinsights_sitenote_category":0,"site-sidebar-layout":"default","site-content-layout":"","ast-site-content-layout":"default","site-content-style":"default","site-sidebar-style":"default","ast-global-header-display":"","ast-banner-title-visibility":"","ast-main-header-display":"","ast-hfb-above-header-display":"","ast-hfb-below-header-display":"","ast-hfb-mobile-header-display":"","site-post-title":"","ast-breadcrumbs-content":"","ast-featured-img":"","footer-sml-layout":"","ast-disable-related-posts":"","theme-transparent-header-meta":"","adv-header-id-meta":"","stick-header-meta":"","header-above-stick-meta":"","header-main-stick-meta":"","header-below-stick-meta":"","astra-migrate-meta-layouts":"default","ast-page-background-enabled":"default","ast-page-background-meta":{"desktop":{"background-color":"var(--ast-global-color-4)","background-image":"","background-repeat":"repeat","background-position":"center center","background-size":"auto","background-attachment":"scroll","background-type":"","background-media":"","overlay-type":"","overlay-color":"","overlay-opacity":"","overlay-gradient":""},"tablet":{"background-color":"","background-image":"","background-repeat":"repeat","background-position":"center center","background-size":"auto","background-attachment":"scroll","background-type":"","background-media":"","overlay-type":"","overlay-color":"","overlay-opacity":"","overlay-gradient":""},"mobile":{"background-color":"","background-image":"","background-repeat":"repeat","background-position":"center center","background-size":"auto","background-attachment":"scroll","background-type":"","background-media":"","overlay-type":"","overlay-color":"","overlay-opacity":"","overlay-gradient":""}},"ast-content-background-meta":{"desktop":{"background-color":"var(--ast-global-color-5)","background-image":"","background-repeat":"repeat","background-position":"center center","background-size":"auto","background-attachment":"scroll","background-type":"","background-media":"","overlay-type":"","overlay-color":"","overlay-opacity":"","overlay-gradient":""},"tablet":{"background-color":"var(--ast-global-color-5)","background-image":"","background-repeat":"repeat","background-position":"center center","background-size":"auto","background-attachment":"scroll","background-type":"","background-media":"","overlay-type":"","overlay-color":"","overlay-opacity":"","overlay-gradient":""},"mobile":{"background-color":"var(--ast-global-color-5)","background-image":"","background-repeat":"repeat","background-position":"center center","background-size":"auto","background-attachment":"scroll","background-type":"","background-media":"","overlay-type":"","overlay-color":"","overlay-opacity":"","overlay-gradient":""}},"footnotes":""},"class_list":["post-2644","page","type-page","status-publish","hentry"],"aioseo_notices":[],"_links":{"self":[{"href":"https:\/\/hotelgrafaite.com\/en\/wp-json\/wp\/v2\/pages\/2644","targetHints":{"allow":["GET"]}}],"collection":[{"href":"https:\/\/hotelgrafaite.com\/en\/wp-json\/wp\/v2\/pages"}],"about":[{"href":"https:\/\/hotelgrafaite.com\/en\/wp-json\/wp\/v2\/types\/page"}],"author":[{"embeddable":true,"href":"https:\/\/hotelgrafaite.com\/en\/wp-json\/wp\/v2\/users\/1"}],"replies":[{"embeddable":true,"href":"https:\/\/hotelgrafaite.com\/en\/wp-json\/wp\/v2\/comments?post=2644"}],"version-history":[{"count":2,"href":"https:\/\/hotelgrafaite.com\/en\/wp-json\/wp\/v2\/pages\/2644\/revisions"}],"predecessor-version":[{"id":3008,"href":"https:\/\/hotelgrafaite.com\/en\/wp-json\/wp\/v2\/pages\/2644\/revisions\/3008"}],"wp:attachment":[{"href":"https:\/\/hotelgrafaite.com\/en\/wp-json\/wp\/v2\/media?parent=2644"}],"curies":[{"name":"wp","href":"https:\/\/api.w.org\/{rel}","templated":true}]}}