{"id":3798,"date":"2022-05-12T16:12:38","date_gmt":"2022-05-12T16:12:38","guid":{"rendered":"https:\/\/hotelgrafaite.com\/?page_id=3798"},"modified":"2022-09-24T13:40:05","modified_gmt":"2022-09-24T13:40:05","slug":"sauna-baseinas","status":"publish","type":"page","link":"https:\/\/hotelgrafaite.com\/en\/sauna-baseinas\/","title":{"rendered":"Sauna &#8211; baseinas"},"content":{"rendered":"<div data-elementor-type=\"wp-page\" data-elementor-id=\"3798\" class=\"elementor elementor-3798\">\n\t\t\t\t\t\t<section class=\"elementor-section elementor-top-section elementor-element elementor-element-16d8682 elementor-section-stretched elementor-section-boxed elementor-section-height-default elementor-section-height-default\" data-id=\"16d8682\" data-element_type=\"section\" data-e-type=\"section\" data-settings=\"{&quot;stretch_section&quot;:&quot;section-stretched&quot;,&quot;background_background&quot;:&quot;classic&quot;}\">\n\t\t\t\t\t\t<div class=\"elementor-container elementor-column-gap-default\">\n\t\t\t\t\t<div class=\"elementor-column elementor-col-100 elementor-top-column elementor-element elementor-element-008a8bb\" data-id=\"008a8bb\" data-element_type=\"column\" data-e-type=\"column\">\n\t\t\t<div class=\"elementor-widget-wrap elementor-element-populated\">\n\t\t\t\t\t\t<div class=\"elementor-element elementor-element-b83f221 elementor-widget elementor-widget-text-editor\" data-id=\"b83f221\" data-element_type=\"widget\" data-e-type=\"widget\" data-widget_type=\"text-editor.default\">\n\t\t\t\t<div class=\"elementor-widget-container\">\n\t\t\t\t\t\t\t\t\t<p>We kindly invite you to enjoy the sauna and swimming pool pleasures in \u201cGrafaite\u201d: relax after a working week, or maybe spend quality time with your family. We can also offer a rental of a hall next to it, where you will find sound equipment and a space for dancing. What could be better than a birthday party with a pool, sauna and good company? Take advantage of a unique opportunity to celebrate even more fun!<\/p>\t\t\t\t\t\t\t\t<\/div>\n\t\t\t\t<\/div>\n\t\t\t\t<div class=\"elementor-element elementor-element-082ffd1 elementor-align-center elementor-tablet-align-center elementor-mobile-align-center elementor-widget-mobile__width-initial elementor-widget elementor-widget-button\" data-id=\"082ffd1\" data-element_type=\"widget\" data-e-type=\"widget\" data-widget_type=\"button.default\">\n\t\t\t\t<div class=\"elementor-widget-container\">\n\t\t\t\t\t\t\t\t\t<div class=\"elementor-button-wrapper\">\n\t\t\t\t\t<a class=\"elementor-button elementor-button-link elementor-size-sm\" href=\"https:\/\/hotelgrafaite.com\/en\/product\/sauna-baseinas-2val\/\">\n\t\t\t\t\t\t<span class=\"elementor-button-content-wrapper\">\n\t\t\t\t\t\t\t\t\t<span class=\"elementor-button-text\">BOOK A ROOM<\/span>\n\t\t\t\t\t<\/span>\n\t\t\t\t\t<\/a>\n\t\t\t\t<\/div>\n\t\t\t\t\t\t\t\t<\/div>\n\t\t\t\t<\/div>\n\t\t\t\t<div class=\"elementor-element elementor-element-87bba54 elementor-widget elementor-widget-heading\" data-id=\"87bba54\" data-element_type=\"widget\" data-e-type=\"widget\" data-widget_type=\"heading.default\">\n\t\t\t\t<div class=\"elementor-widget-container\">\n\t\t\t\t\t<h2 class=\"elementor-heading-title elementor-size-default\">Arba registracija telefonu:<\/h2>\t\t\t\t<\/div>\n\t\t\t\t<\/div>\n\t\t\t\t<div class=\"elementor-element elementor-element-9b3db92 elementor-widget elementor-widget-heading\" data-id=\"9b3db92\" data-element_type=\"widget\" data-e-type=\"widget\" data-widget_type=\"heading.default\">\n\t\t\t\t<div class=\"elementor-widget-container\">\n\t\t\t\t\t<p class=\"elementor-heading-title elementor-size-default\">Mobile: <span style=\"color: red\"><a style=\"color:black\" href=\"tel:+370 686 19191\">+37068619191<\/a><\/span> <\/p>\t\t\t\t<\/div>\n\t\t\t\t<\/div>\n\t\t\t\t<div class=\"elementor-element elementor-element-6acc7e1 elementor-widget elementor-widget-heading\" data-id=\"6acc7e1\" data-element_type=\"widget\" data-e-type=\"widget\" data-widget_type=\"heading.default\">\n\t\t\t\t<div class=\"elementor-widget-container\">\n\t\t\t\t\t<p class=\"elementor-heading-title elementor-size-default\">We kindly invite you to visit or contact: Au\u0161ros str. 1, LT-81493, Ginkunai, Siauliai district, Lithuania.<\/p>\t\t\t\t<\/div>\n\t\t\t\t<\/div>\n\t\t\t\t<section class=\"elementor-section elementor-inner-section elementor-element elementor-element-83603a1 elementor-section-boxed elementor-section-height-default elementor-section-height-default\" data-id=\"83603a1\" data-element_type=\"section\" data-e-type=\"section\">\n\t\t\t\t\t\t<div class=\"elementor-container elementor-column-gap-no\">\n\t\t\t\t\t<div class=\"elementor-column elementor-col-50 elementor-inner-column elementor-element elementor-element-b0393ca\" data-id=\"b0393ca\" data-element_type=\"column\" data-e-type=\"column\">\n\t\t\t<div class=\"elementor-widget-wrap elementor-element-populated\">\n\t\t\t\t\t\t<div class=\"elementor-element elementor-element-f1cea76 elementor-widget elementor-widget-image\" data-id=\"f1cea76\" data-element_type=\"widget\" data-e-type=\"widget\" data-widget_type=\"image.default\">\n\t\t\t\t<div class=\"elementor-widget-container\">\n\t\t\t\t\t\t\t\t\t\t\t\t\t\t\t<img fetchpriority=\"high\" decoding=\"async\" width=\"1024\" height=\"683\" src=\"https:\/\/hotelgrafaite.com\/wp-content\/uploads\/2022\/05\/PB-12-1024x683.jpg\" class=\"attachment-large size-large wp-image-3802\" alt=\"\" srcset=\"https:\/\/hotelgrafaite.com\/wp-content\/uploads\/2022\/05\/PB-12-1024x683.jpg 1024w, https:\/\/hotelgrafaite.com\/wp-content\/uploads\/2022\/05\/PB-12-300x200.jpg 300w, https:\/\/hotelgrafaite.com\/wp-content\/uploads\/2022\/05\/PB-12-768x512.jpg 768w, https:\/\/hotelgrafaite.com\/wp-content\/uploads\/2022\/05\/PB-12-1536x1024.jpg 1536w, https:\/\/hotelgrafaite.com\/wp-content\/uploads\/2022\/05\/PB-12-18x12.jpg 18w, https:\/\/hotelgrafaite.com\/wp-content\/uploads\/2022\/05\/PB-12-700x466.jpg 700w, https:\/\/hotelgrafaite.com\/wp-content\/uploads\/2022\/05\/PB-12-440x293.jpg 440w, https:\/\/hotelgrafaite.com\/wp-content\/uploads\/2022\/05\/PB-12-600x400.jpg 600w, https:\/\/hotelgrafaite.com\/wp-content\/uploads\/2022\/05\/PB-12.jpg 2048w\" sizes=\"(max-width: 1024px) 100vw, 1024px\" \/>\t\t\t\t\t\t\t\t\t\t\t\t\t\t\t<\/div>\n\t\t\t\t<\/div>\n\t\t\t\t\t<\/div>\n\t\t<\/div>\n\t\t\t\t<div class=\"elementor-column elementor-col-50 elementor-inner-column elementor-element elementor-element-85a349a\" data-id=\"85a349a\" data-element_type=\"column\" data-e-type=\"column\">\n\t\t\t<div class=\"elementor-widget-wrap elementor-element-populated\">\n\t\t\t\t\t\t<div class=\"elementor-element elementor-element-daeacc6 elementor-widget elementor-widget-image\" data-id=\"daeacc6\" data-element_type=\"widget\" data-e-type=\"widget\" data-widget_type=\"image.default\">\n\t\t\t\t<div class=\"elementor-widget-container\">\n\t\t\t\t\t\t\t\t\t\t\t\t\t\t\t<img decoding=\"async\" width=\"1024\" height=\"683\" src=\"https:\/\/hotelgrafaite.com\/wp-content\/uploads\/2022\/05\/PB-13-1024x683.jpg\" class=\"attachment-large size-large wp-image-3801\" alt=\"\" srcset=\"https:\/\/hotelgrafaite.com\/wp-content\/uploads\/2022\/05\/PB-13-1024x683.jpg 1024w, https:\/\/hotelgrafaite.com\/wp-content\/uploads\/2022\/05\/PB-13-300x200.jpg 300w, https:\/\/hotelgrafaite.com\/wp-content\/uploads\/2022\/05\/PB-13-768x512.jpg 768w, https:\/\/hotelgrafaite.com\/wp-content\/uploads\/2022\/05\/PB-13-1536x1024.jpg 1536w, https:\/\/hotelgrafaite.com\/wp-content\/uploads\/2022\/05\/PB-13-18x12.jpg 18w, https:\/\/hotelgrafaite.com\/wp-content\/uploads\/2022\/05\/PB-13-700x466.jpg 700w, https:\/\/hotelgrafaite.com\/wp-content\/uploads\/2022\/05\/PB-13-440x293.jpg 440w, https:\/\/hotelgrafaite.com\/wp-content\/uploads\/2022\/05\/PB-13-600x400.jpg 600w, https:\/\/hotelgrafaite.com\/wp-content\/uploads\/2022\/05\/PB-13.jpg 2048w\" sizes=\"(max-width: 1024px) 100vw, 1024px\" \/>\t\t\t\t\t\t\t\t\t\t\t\t\t\t\t<\/div>\n\t\t\t\t<\/div>\n\t\t\t\t\t<\/div>\n\t\t<\/div>\n\t\t\t\t\t<\/div>\n\t\t<\/section>\n\t\t\t\t\t<\/div>\n\t\t<\/div>\n\t\t\t\t\t<\/div>\n\t\t<\/section>\n\t\t\t\t<\/div>","protected":false},"excerpt":{"rendered":"<p>Maloniai kvie\u010diame ,,Grafait\u0117je\u201d pasim\u0117gauti sauna ir baseinu: pailsekite po darbingos savait\u0117s, o gal praleiskite kokybi\u0161k\u0105 laik\u0105 su \u0161eima. \u0160alia galime pasi\u016blyti ir sal\u0117s nuom\u0105, kurioje rasite garso aparat\u016br\u0105 ir erdv\u0119 \u0161okiams. Kas gal\u0117t\u0173 b\u016bti geriau u\u017e gimtadien\u012f su baseinu, sauna ir gera kompanija? Pasinaudokite unikalia galimybe asmenines \u0161ventes \u0161v\u0119sti dar smagiau! REZERVUOTI Arba registracija telefonu: [&hellip;]<\/p>\n","protected":false},"author":1,"featured_media":0,"parent":0,"menu_order":0,"comment_status":"closed","ping_status":"closed","template":"elementor_header_footer","meta":{"_monsterinsights_skip_tracking":false,"_monsterinsights_sitenote_active":false,"_monsterinsights_sitenote_note":"","_monsterinsights_sitenote_category":0,"site-sidebar-layout":"default","site-content-layout":"","ast-site-content-layout":"default","site-content-style":"default","site-sidebar-style":"default","ast-global-header-display":"","ast-banner-title-visibility":"","ast-main-header-display":"","ast-hfb-above-header-display":"","ast-hfb-below-header-display":"","ast-hfb-mobile-header-display":"","site-post-title":"","ast-breadcrumbs-content":"","ast-featured-img":"","footer-sml-layout":"","ast-disable-related-posts":"","theme-transparent-header-meta":"","adv-header-id-meta":"","stick-header-meta":"","header-above-stick-meta":"","header-main-stick-meta":"","header-below-stick-meta":"","astra-migrate-meta-layouts":"default","ast-page-background-enabled":"default","ast-page-background-meta":{"desktop":{"background-color":"var(--ast-global-color-4)","background-image":"","background-repeat":"repeat","background-position":"center center","background-size":"auto","background-attachment":"scroll","background-type":"","background-media":"","overlay-type":"","overlay-color":"","overlay-opacity":"","overlay-gradient":""},"tablet":{"background-color":"","background-image":"","background-repeat":"repeat","background-position":"center center","background-size":"auto","background-attachment":"scroll","background-type":"","background-media":"","overlay-type":"","overlay-color":"","overlay-opacity":"","overlay-gradient":""},"mobile":{"background-color":"","background-image":"","background-repeat":"repeat","background-position":"center center","background-size":"auto","background-attachment":"scroll","background-type":"","background-media":"","overlay-type":"","overlay-color":"","overlay-opacity":"","overlay-gradient":""}},"ast-content-background-meta":{"desktop":{"background-color":"var(--ast-global-color-5)","background-image":"","background-repeat":"repeat","background-position":"center center","background-size":"auto","background-attachment":"scroll","background-type":"","background-media":"","overlay-type":"","overlay-color":"","overlay-opacity":"","overlay-gradient":""},"tablet":{"background-color":"var(--ast-global-color-5)","background-image":"","background-repeat":"repeat","background-position":"center center","background-size":"auto","background-attachment":"scroll","background-type":"","background-media":"","overlay-type":"","overlay-color":"","overlay-opacity":"","overlay-gradient":""},"mobile":{"background-color":"var(--ast-global-color-5)","background-image":"","background-repeat":"repeat","background-position":"center center","background-size":"auto","background-attachment":"scroll","background-type":"","background-media":"","overlay-type":"","overlay-color":"","overlay-opacity":"","overlay-gradient":""}},"footnotes":""},"class_list":["post-3798","page","type-page","status-publish","hentry"],"aioseo_notices":[],"_links":{"self":[{"href":"https:\/\/hotelgrafaite.com\/en\/wp-json\/wp\/v2\/pages\/3798","targetHints":{"allow":["GET"]}}],"collection":[{"href":"https:\/\/hotelgrafaite.com\/en\/wp-json\/wp\/v2\/pages"}],"about":[{"href":"https:\/\/hotelgrafaite.com\/en\/wp-json\/wp\/v2\/types\/page"}],"author":[{"embeddable":true,"href":"https:\/\/hotelgrafaite.com\/en\/wp-json\/wp\/v2\/users\/1"}],"replies":[{"embeddable":true,"href":"https:\/\/hotelgrafaite.com\/en\/wp-json\/wp\/v2\/comments?post=3798"}],"version-history":[{"count":36,"href":"https:\/\/hotelgrafaite.com\/en\/wp-json\/wp\/v2\/pages\/3798\/revisions"}],"predecessor-version":[{"id":4137,"href":"https:\/\/hotelgrafaite.com\/en\/wp-json\/wp\/v2\/pages\/3798\/revisions\/4137"}],"wp:attachment":[{"href":"https:\/\/hotelgrafaite.com\/en\/wp-json\/wp\/v2\/media?parent=3798"}],"curies":[{"name":"wp","href":"https:\/\/api.w.org\/{rel}","templated":true}]}}