{"id":3947,"date":"2022-09-23T10:01:36","date_gmt":"2022-09-23T10:01:36","guid":{"rendered":"https:\/\/hotelgrafaite.com\/?post_type=product&#038;p=3947"},"modified":"2022-09-23T14:10:14","modified_gmt":"2022-09-23T14:10:14","slug":"liukso-klases-numeris","status":"publish","type":"product","link":"https:\/\/hotelgrafaite.com\/en\/product\/liukso-klases-numeris\/","title":{"rendered":"LUXURY CLASS ROOM"},"content":{"rendered":"<p>Erdvus ir \u0161viesus liukso klas\u0117s kambarys su du\u0161u. Kambarys suskirstytas \u012f poilsio ir\u00a0 laisvalaikio zonas. Kambaryje rasite visk\u0105, ko gali prireikti kokybi\u0161kai nakvynei. Taip pat numeryje rasite \u0161aldytuv\u0105.<\/p>","protected":false},"excerpt":{"rendered":"<p>ERDVUS IR \u0160VIESUS LIUKSO KLAS\u0116S KAMBARYS SU DU\u0160U. KAMBARYS SUSKIRSTYTAS \u012e POILSIO IR\u00a0 LAISVALAIKIO ZONAS. KAMBARYJE RASITE VISK\u0104, KO GALI PRIREIKTI KOKYBI\u0160KAI NAKVYNEI. TAIP PAT NUMERYJE RASITE \u0160ALDYTUV\u0104.<\/p>","protected":false},"featured_media":3210,"comment_status":"open","ping_status":"closed","template":"","meta":{"_monsterinsights_skip_tracking":false,"_monsterinsights_sitenote_active":false,"_monsterinsights_sitenote_note":"","_monsterinsights_sitenote_category":0,"site-sidebar-layout":"default","site-content-layout":"default","ast-site-content-layout":"default","site-content-style":"default","site-sidebar-style":"default","ast-global-header-display":"","ast-banner-title-visibility":"","ast-main-header-display":"","ast-hfb-above-header-display":"","ast-hfb-below-header-display":"","ast-hfb-mobile-header-display":"","site-post-title":"","ast-breadcrumbs-content":"","ast-featured-img":"","footer-sml-layout":"","ast-disable-related-posts":"","theme-transparent-header-meta":"default","adv-header-id-meta":"","stick-header-meta":"","header-above-stick-meta":"","header-main-stick-meta":"","header-below-stick-meta":"","astra-migrate-meta-layouts":"default","ast-page-background-enabled":"default","ast-page-background-meta":{"desktop":{"background-color":"var(--ast-global-color-4)","background-image":"","background-repeat":"repeat","background-position":"center center","background-size":"auto","background-attachment":"scroll","background-type":"","background-media":"","overlay-type":"","overlay-color":"","overlay-opacity":"","overlay-gradient":""},"tablet":{"background-color":"","background-image":"","background-repeat":"repeat","background-position":"center center","background-size":"auto","background-attachment":"scroll","background-type":"","background-media":"","overlay-type":"","overlay-color":"","overlay-opacity":"","overlay-gradient":""},"mobile":{"background-color":"","background-image":"","background-repeat":"repeat","background-position":"center center","background-size":"auto","background-attachment":"scroll","background-type":"","background-media":"","overlay-type":"","overlay-color":"","overlay-opacity":"","overlay-gradient":""}},"ast-content-background-meta":{"desktop":{"background-color":"var(--ast-global-color-5)","background-image":"","background-repeat":"repeat","background-position":"center center","background-size":"auto","background-attachment":"scroll","background-type":"","background-media":"","overlay-type":"","overlay-color":"","overlay-opacity":"","overlay-gradient":""},"tablet":{"background-color":"var(--ast-global-color-5)","background-image":"","background-repeat":"repeat","background-position":"center center","background-size":"auto","background-attachment":"scroll","background-type":"","background-media":"","overlay-type":"","overlay-color":"","overlay-opacity":"","overlay-gradient":""},"mobile":{"background-color":"var(--ast-global-color-5)","background-image":"","background-repeat":"repeat","background-position":"center center","background-size":"auto","background-attachment":"scroll","background-type":"","background-media":"","overlay-type":"","overlay-color":"","overlay-opacity":"","overlay-gradient":""}}},"product_brand":[],"product_cat":[113,15],"product_tag":[],"class_list":{"0":"post-3947","1":"product","2":"type-product","3":"status-publish","4":"has-post-thumbnail","6":"product_cat-kambariai","7":"product_cat-uncategorized","8":"desktop-align-left","9":"tablet-align-left","10":"mobile-align-left","12":"first","13":"instock","14":"virtual","15":"purchasable","16":"product-type-simple"},"aioseo_notices":[],"_links":{"self":[{"href":"https:\/\/hotelgrafaite.com\/en\/wp-json\/wp\/v2\/product\/3947","targetHints":{"allow":["GET"]}}],"collection":[{"href":"https:\/\/hotelgrafaite.com\/en\/wp-json\/wp\/v2\/product"}],"about":[{"href":"https:\/\/hotelgrafaite.com\/en\/wp-json\/wp\/v2\/types\/product"}],"replies":[{"embeddable":true,"href":"https:\/\/hotelgrafaite.com\/en\/wp-json\/wp\/v2\/comments?post=3947"}],"version-history":[{"count":1,"href":"https:\/\/hotelgrafaite.com\/en\/wp-json\/wp\/v2\/product\/3947\/revisions"}],"predecessor-version":[{"id":3951,"href":"https:\/\/hotelgrafaite.com\/en\/wp-json\/wp\/v2\/product\/3947\/revisions\/3951"}],"wp:featuredmedia":[{"embeddable":true,"href":"https:\/\/hotelgrafaite.com\/en\/wp-json\/wp\/v2\/media\/3210"}],"wp:attachment":[{"href":"https:\/\/hotelgrafaite.com\/en\/wp-json\/wp\/v2\/media?parent=3947"}],"wp:term":[{"taxonomy":"product_brand","embeddable":true,"href":"https:\/\/hotelgrafaite.com\/en\/wp-json\/wp\/v2\/product_brand?post=3947"},{"taxonomy":"product_cat","embeddable":true,"href":"https:\/\/hotelgrafaite.com\/en\/wp-json\/wp\/v2\/product_cat?post=3947"},{"taxonomy":"product_tag","embeddable":true,"href":"https:\/\/hotelgrafaite.com\/en\/wp-json\/wp\/v2\/product_tag?post=3947"}],"curies":[{"name":"wp","href":"https:\/\/api.w.org\/{rel}","templated":true}]}}