{"id":2807,"date":"2022-03-06T15:09:20","date_gmt":"2022-03-06T15:09:20","guid":{"rendered":"https:\/\/hotelgrafaite.com\/?page_id=2807"},"modified":"2022-09-29T08:57:34","modified_gmt":"2022-09-29T08:57:34","slug":"es-investicijos","status":"publish","type":"page","link":"https:\/\/hotelgrafaite.com\/ru\/es-investicijos\/","title":{"rendered":"ES Investicijos"},"content":{"rendered":"<div data-elementor-type=\"wp-page\" data-elementor-id=\"2807\" class=\"elementor elementor-2807\">\n\t\t\t\t\t\t<section class=\"elementor-section elementor-top-section elementor-element elementor-element-16d8682 elementor-section-boxed elementor-section-height-default elementor-section-height-default\" data-id=\"16d8682\" data-element_type=\"section\" data-e-type=\"section\">\n\t\t\t\t\t\t<div class=\"elementor-container elementor-column-gap-default\">\n\t\t\t\t\t<div class=\"elementor-column elementor-col-100 elementor-top-column elementor-element elementor-element-008a8bb\" data-id=\"008a8bb\" data-element_type=\"column\" data-e-type=\"column\">\n\t\t\t<div class=\"elementor-widget-wrap elementor-element-populated\">\n\t\t\t\t\t\t<div class=\"elementor-element elementor-element-834aaf5 elementor-widget elementor-widget-heading\" data-id=\"834aaf5\" data-element_type=\"widget\" data-e-type=\"widget\" data-widget_type=\"heading.default\">\n\t\t\t\t<div class=\"elementor-widget-container\">\n\t\t\t\t\t<p class=\"elementor-heading-title elementor-size-default\">\u041f\u0440\u043e\u0435\u043a\u0442 \u0415\u0421<\/p>\t\t\t\t<\/div>\n\t\t\t\t<\/div>\n\t\t\t\t<div class=\"elementor-element elementor-element-95da118 elementor-widget elementor-widget-image\" data-id=\"95da118\" data-element_type=\"widget\" data-e-type=\"widget\" data-widget_type=\"image.default\">\n\t\t\t\t<div class=\"elementor-widget-container\">\n\t\t\t\t\t\t\t\t\t\t\t\t\t\t\t<img fetchpriority=\"high\" decoding=\"async\" width=\"1024\" height=\"512\" src=\"https:\/\/hotelgrafaite.com\/wp-content\/uploads\/2022\/09\/es-inv-1024x512.jpeg\" class=\"attachment-large size-large wp-image-4155\" alt=\"\" srcset=\"https:\/\/hotelgrafaite.com\/wp-content\/uploads\/2022\/09\/es-inv-1024x512.jpeg 1024w, https:\/\/hotelgrafaite.com\/wp-content\/uploads\/2022\/09\/es-inv-300x150.jpeg 300w, https:\/\/hotelgrafaite.com\/wp-content\/uploads\/2022\/09\/es-inv-768x384.jpeg 768w, https:\/\/hotelgrafaite.com\/wp-content\/uploads\/2022\/09\/es-inv-18x9.jpeg 18w, https:\/\/hotelgrafaite.com\/wp-content\/uploads\/2022\/09\/es-inv-600x300.jpeg 600w, https:\/\/hotelgrafaite.com\/wp-content\/uploads\/2022\/09\/es-inv.jpeg 1343w\" sizes=\"(max-width: 1024px) 100vw, 1024px\" \/>\t\t\t\t\t\t\t\t\t\t\t\t\t\t\t<\/div>\n\t\t\t\t<\/div>\n\t\t\t\t<div class=\"elementor-element elementor-element-b83f221 elementor-drop-cap-yes elementor-drop-cap-view-default elementor-widget elementor-widget-text-editor\" data-id=\"b83f221\" data-element_type=\"widget\" data-e-type=\"widget\" data-settings=\"{&quot;drop_cap&quot;:&quot;yes&quot;}\" data-widget_type=\"text-editor.default\">\n\t\t\t\t<div class=\"elementor-widget-container\">\n\t\t\t\t\t\t\t\t\t<p><strong>\u041d\u043e\u0432\u044b\u0435 \u0434\u0438\u0437\u0430\u0439\u043d\u0435\u0440\u0441\u043a\u0438\u0435 \u0440\u0435\u0448\u0435\u043d\u0438\u044f \u0434\u043b\u044f \u0417\u0410\u041e Grafait\u0117.<\/strong><\/p><p>\u0417\u0410\u041e Grafait\u0117 \u0432 \u044f\u043d\u0432\u0430\u0440\u0435 2022 \u0433\u043e\u0434\u0430 \u0440\u0435\u0430\u043b\u0438\u0437\u0443\u0435\u0442 \u043f\u0440\u043e\u0435\u043a\u0442 \u043f\u043e \u0440\u0430\u0437\u0432\u0438\u0442\u0438\u044e \u0434\u0438\u0437\u0430\u0439\u043d\u0430 \u0432 \u043a\u043e\u043c\u043f\u0430\u043d\u0438\u0438.\u00a0<\/p><p>\u0412 \u043f\u0440\u0438\u0431\u044b\u043b\u044c\u043d\u043e\u043c \u0431\u0438\u0437\u043d\u0435\u0441\u0435, \u043d\u0430 \u043a\u043e\u0442\u043e\u0440\u044b\u0439 \u0432\u043b\u0438\u044f\u0435\u0442 Covid-19, \u043a\u043e\u043c\u043f\u0430\u043d\u0438\u044f \u0434\u043e\u043b\u0436\u043d\u0430 \u0440\u0435\u0430\u0433\u0438\u0440\u043e\u0432\u0430\u0442\u044c \u0438 \u043f\u0440\u0438\u043d\u0438\u043c\u0430\u0442\u044c \u0441\u043e\u043e\u0442\u0432\u0435\u0442\u0441\u0442\u0432\u0443\u044e\u0449\u0438\u0435 \u043c\u0435\u0440\u044b. \u041d\u0435\u043e\u0431\u0445\u043e\u0434\u0438\u043c\u043e \u0438\u0441\u043a\u0430\u0442\u044c \u043d\u043e\u0432\u044b\u0435 \u0440\u0435\u0448\u0435\u043d\u0438\u044f \u0432 \u0434\u0438\u0437\u0430\u0439\u043d\u0435 \u0443\u0441\u043b\u0443\u0433, \u043c\u0435\u043d\u044f\u0442\u044c \u0440\u0430\u043d\u0435\u0435 \u043f\u0440\u0438\u043c\u0435\u043d\u044f\u0435\u043c\u044b\u0435 \u043c\u0430\u0440\u043a\u0435\u0442\u0438\u043d\u0433\u043e\u0432\u044b\u0435 \u0441\u0442\u0440\u0430\u0442\u0435\u0433\u0438\u0438. \u0426\u0435\u043b\u044c \u043f\u0440\u043e\u0435\u043a\u0442\u0430 \u2014 \u043f\u043e\u0432\u044b\u0441\u0438\u0442\u044c \u043f\u0440\u0438\u0432\u043b\u0435\u043a\u0430\u0442\u0435\u043b\u044c\u043d\u043e\u0441\u0442\u044c \u0443\u0441\u043b\u0443\u0433 \u043a\u043e\u043c\u043f\u0430\u043d\u0438\u0438, \u0438\u0445 \u0432\u043e\u0441\u0442\u0440\u0435\u0431\u043e\u0432\u0430\u043d\u043d\u043e\u0441\u0442\u044c, \u0430 \u0442\u0430\u043a\u0436\u0435 \u043f\u0440\u043e\u0438\u0437\u0432\u043e\u0434\u0438\u0442\u0435\u043b\u044c\u043d\u043e\u0441\u0442\u044c \u043a\u043e\u043c\u043f\u0430\u043d\u0438\u0438. \u0412 \u0440\u0430\u043c\u043a\u0430\u0445 \u043f\u0440\u043e\u0435\u043a\u0442\u0430 \u0431\u0443\u0434\u0435\u0442 \u0440\u0430\u0437\u0440\u0430\u0431\u043e\u0442\u0430\u043d\u043e \u0438 \u0432\u043d\u0435\u0434\u0440\u0435\u043d\u043e \u043d\u043e\u0432\u043e\u0435 \u0440\u0435\u0448\u0435\u043d\u0438\u0435 \u043f\u043e \u0434\u0438\u0437\u0430\u0439\u043d\u0443 \u0443\u0441\u043b\u0443\u0433, \u043a\u043e\u0442\u043e\u0440\u043e\u0435 \u0431\u0443\u0434\u0435\u0442 \u0432\u043a\u043b\u044e\u0447\u0430\u0442\u044c \u0432 \u0441\u0435\u0431\u044f \u0431\u043e\u043b\u0435\u0435 \u043f\u0440\u0438\u0432\u043b\u0435\u043a\u0430\u0442\u0435\u043b\u044c\u043d\u043e\u0435, \u0431\u043e\u043b\u0435\u0435 \u044d\u0444\u0444\u0435\u043a\u0442\u0438\u0432\u043d\u043e\u0435 \u0443\u043f\u0440\u0430\u0432\u043b\u0435\u043d\u0438\u0435 \u0437\u0430\u043a\u0430\u0437\u043e\u043c \u0438 \u0431\u0440\u043e\u043d\u0438\u0440\u043e\u0432\u0430\u043d\u0438\u0435\u043c \u0433\u043e\u0441\u0442\u0438\u043d\u0438\u0446, \u043f\u043e\u0434\u0434\u0435\u0440\u0436\u043a\u0443 \u043a\u043b\u0438\u0435\u043d\u0442\u043e\u0432 \u0432\u0438\u0440\u0442\u0443\u0430\u043b\u044c\u043d\u044b\u043c \u043f\u043e\u043c\u043e\u0449\u043d\u0438\u043a\u043e\u043c \u0438 \u0442.\u0434. \u041a \u043d\u043e\u0432\u043e\u043c\u0443, \u0443\u0441\u043e\u0432\u0435\u0440\u0448\u0435\u043d\u0441\u0442\u0432\u043e\u0432\u0430\u043d\u043d\u043e\u043c\u0443 \u0434\u0438\u0437\u0430\u0439\u043d\u0443 \u0443\u0441\u043b\u0443\u0433 \u0431\u0443\u0434\u0443\u0442 \u043f\u0440\u0438\u043c\u0435\u043d\u0435\u043d\u044b \u0438\u043d\u043d\u043e\u0432\u0430\u0446\u0438\u043e\u043d\u043d\u044b\u0435 \u043c\u0430\u0440\u043a\u0435\u0442\u0438\u043d\u0433\u043e\u0432\u044b\u0435 \u0440\u0435\u0448\u0435\u043d\u0438\u044f, \u0430 \u0442\u0430\u043a\u0436\u0435 \u0431\u0443\u0434\u0443\u0442 \u0437\u0430\u043a\u0443\u043f\u043b\u0435\u043d\u044b \u0443\u0441\u043b\u0443\u0433\u0438 \u043f\u043e \u0440\u0435\u043a\u043b\u0430\u043c\u0435 \u0443\u0441\u043b\u0443\u0433.\u00a0<\/p><p>\u041f\u0440\u043e\u0435\u043a\u0442 \u0444\u0438\u043d\u0430\u043d\u0441\u0438\u0440\u0443\u0435\u0442\u0441\u044f \u0415\u0432\u0440\u043e\u043f\u0435\u0439\u0441\u043a\u0438\u043c \u0444\u043e\u043d\u0434\u043e\u043c \u0440\u0435\u0433\u0438\u043e\u043d\u0430\u043b\u044c\u043d\u043e\u0433\u043e \u0440\u0430\u0437\u0432\u0438\u0442\u0438\u044f \u043a\u0430\u043a \u0447\u0430\u0441\u0442\u044c \u043e\u0442\u0432\u0435\u0442\u0430 \u0415\u0432\u0440\u043e\u043f\u0435\u0439\u0441\u043a\u043e\u0433\u043e \u0421\u043e\u044e\u0437\u0430 \u043d\u0430 COVID-19.<\/p>\t\t\t\t\t\t\t\t<\/div>\n\t\t\t\t<\/div>\n\t\t\t\t<div class=\"elementor-element elementor-element-f79a1db elementor-drop-cap-yes elementor-drop-cap-view-default elementor-widget elementor-widget-text-editor\" data-id=\"f79a1db\" data-element_type=\"widget\" data-e-type=\"widget\" data-settings=\"{&quot;drop_cap&quot;:&quot;yes&quot;}\" data-widget_type=\"text-editor.default\">\n\t\t\t\t<div class=\"elementor-widget-container\">\n\t\t\t\t\t\t\t\t\t<p class=\"p1\"><b>\u041d\u0430\u0437\u0432\u0430\u043d\u0438\u0435 \u043f\u0440\u043e\u0435\u043a\u0442\u0430:\u00a0<\/b>\u0420\u0430\u0437\u0432\u0438\u0442\u0438\u0435 \u0434\u0438\u0437\u0430\u0439\u043d\u0430 \u0432 Grafait\u0117<\/p><p class=\"p1\"><b>\u041d\u043e\u043c\u0435\u0440 \u043f\u0440\u043e\u0435\u043a\u0442\u0430:<\/b>\u00a0<span class=\"s1\">13.1.1-LVPA-K-861-01-0625<\/span><\/p><p class=\"p2\"><b>\u041d\u0430\u0447\u0430\u043b\u043e \u043f\u0440\u043e\u0435\u043a\u0442\u0430:<\/b>\u00a012 \u044f\u043d\u0432\u0430\u0440\u044f 2022 \u0433.<span class=\"Apple-converted-space\">\u00a0<\/span><\/p><p class=\"p2\"><b>\u041e\u043a\u043e\u043d\u0447\u0430\u043d\u0438\u0435 \u043f\u0440\u043e\u0435\u043a\u0442\u0430:<\/b>\u00a031 \u0434\u0435\u043a\u0430\u0431\u0440\u044f 2022 \u0433.<span class=\"Apple-converted-space\">\u00a0<\/span><\/p><p class=\"p2\"><b>\u0421\u0442\u043e\u0438\u043c\u043e\u0441\u0442\u044c \u043f\u0440\u043e\u0435\u043a\u0442\u0430:<\/b>\u00a026 670,00 Eur (\u0438\u0437 \u043d\u0438\u0445 \u0441\u0440\u0435\u0434\u0441\u0442\u0432\u0430 \u043f\u043e\u0434\u0434\u0435\u0440\u0436\u043a\u0438 \u2014 20 002,50 Eur).<\/p>\t\t\t\t\t\t\t\t<\/div>\n\t\t\t\t<\/div>\n\t\t\t\t\t<\/div>\n\t\t<\/div>\n\t\t\t\t\t<\/div>\n\t\t<\/section>\n\t\t\t\t<\/div>","protected":false},"excerpt":{"rendered":"<p>ES projektai Nauji dizaino sprendimai UAB ,,Grafait\u0117\u201c UAB ,,Grafait\u0117\u201c nuo 2022 m. sausio m\u0117nesio \u012fgyvendina projekt\u0105, skirt\u0105 dizaino pl\u0117trai \u012fmon\u0117je.\u00a0 Siekiant vykdyti pelning\u0105 veikl\u0105 Covid-19 paveiktoje rinkoje, \u012fmon\u0117 privalo reaguoti ir imtis atitinkam\u0173 veiksm\u0173. B\u016btina ie\u0161koti nauj\u0173 sprendim\u0173 paslaug\u0173 dizaine, keisti anks\u010diau taikytas rinkodaros strategijas. \u012egyvendinant projekt\u0105 siekiama padidinti \u012fmon\u0117s teikiam\u0173 paslaug\u0173 patrauklum\u0105, j\u0173 paklaus\u0105, [&hellip;]<\/p>\n","protected":false},"author":1,"featured_media":0,"parent":0,"menu_order":0,"comment_status":"closed","ping_status":"closed","template":"","meta":{"_monsterinsights_skip_tracking":false,"_monsterinsights_sitenote_active":false,"_monsterinsights_sitenote_note":"","_monsterinsights_sitenote_category":0,"site-sidebar-layout":"default","site-content-layout":"","ast-site-content-layout":"default","site-content-style":"default","site-sidebar-style":"default","ast-global-header-display":"","ast-banner-title-visibility":"","ast-main-header-display":"","ast-hfb-above-header-display":"","ast-hfb-below-header-display":"","ast-hfb-mobile-header-display":"","site-post-title":"","ast-breadcrumbs-content":"","ast-featured-img":"","footer-sml-layout":"","ast-disable-related-posts":"","theme-transparent-header-meta":"","adv-header-id-meta":"","stick-header-meta":"","header-above-stick-meta":"","header-main-stick-meta":"","header-below-stick-meta":"","astra-migrate-meta-layouts":"default","ast-page-background-enabled":"default","ast-page-background-meta":{"desktop":{"background-color":"var(--ast-global-color-4)","background-image":"","background-repeat":"repeat","background-position":"center center","background-size":"auto","background-attachment":"scroll","background-type":"","background-media":"","overlay-type":"","overlay-color":"","overlay-opacity":"","overlay-gradient":""},"tablet":{"background-color":"","background-image":"","background-repeat":"repeat","background-position":"center center","background-size":"auto","background-attachment":"scroll","background-type":"","background-media":"","overlay-type":"","overlay-color":"","overlay-opacity":"","overlay-gradient":""},"mobile":{"background-color":"","background-image":"","background-repeat":"repeat","background-position":"center center","background-size":"auto","background-attachment":"scroll","background-type":"","background-media":"","overlay-type":"","overlay-color":"","overlay-opacity":"","overlay-gradient":""}},"ast-content-background-meta":{"desktop":{"background-color":"var(--ast-global-color-5)","background-image":"","background-repeat":"repeat","background-position":"center center","background-size":"auto","background-attachment":"scroll","background-type":"","background-media":"","overlay-type":"","overlay-color":"","overlay-opacity":"","overlay-gradient":""},"tablet":{"background-color":"var(--ast-global-color-5)","background-image":"","background-repeat":"repeat","background-position":"center center","background-size":"auto","background-attachment":"scroll","background-type":"","background-media":"","overlay-type":"","overlay-color":"","overlay-opacity":"","overlay-gradient":""},"mobile":{"background-color":"var(--ast-global-color-5)","background-image":"","background-repeat":"repeat","background-position":"center center","background-size":"auto","background-attachment":"scroll","background-type":"","background-media":"","overlay-type":"","overlay-color":"","overlay-opacity":"","overlay-gradient":""}},"footnotes":""},"class_list":["post-2807","page","type-page","status-publish","hentry"],"aioseo_notices":[],"_links":{"self":[{"href":"https:\/\/hotelgrafaite.com\/ru\/wp-json\/wp\/v2\/pages\/2807","targetHints":{"allow":["GET"]}}],"collection":[{"href":"https:\/\/hotelgrafaite.com\/ru\/wp-json\/wp\/v2\/pages"}],"about":[{"href":"https:\/\/hotelgrafaite.com\/ru\/wp-json\/wp\/v2\/types\/page"}],"author":[{"embeddable":true,"href":"https:\/\/hotelgrafaite.com\/ru\/wp-json\/wp\/v2\/users\/1"}],"replies":[{"embeddable":true,"href":"https:\/\/hotelgrafaite.com\/ru\/wp-json\/wp\/v2\/comments?post=2807"}],"version-history":[{"count":8,"href":"https:\/\/hotelgrafaite.com\/ru\/wp-json\/wp\/v2\/pages\/2807\/revisions"}],"predecessor-version":[{"id":4158,"href":"https:\/\/hotelgrafaite.com\/ru\/wp-json\/wp\/v2\/pages\/2807\/revisions\/4158"}],"wp:attachment":[{"href":"https:\/\/hotelgrafaite.com\/ru\/wp-json\/wp\/v2\/media?parent=2807"}],"curies":[{"name":"wp","href":"https:\/\/api.w.org\/{rel}","templated":true}]}}