{"id":4109,"date":"2022-09-24T13:01:53","date_gmt":"2022-09-24T13:01:53","guid":{"rendered":"https:\/\/hotelgrafaite.com\/?post_type=product&#038;p=4109"},"modified":"2022-09-24T13:06:20","modified_gmt":"2022-09-24T13:06:20","slug":"konferencijos-banketai-5val","status":"publish","type":"product","link":"https:\/\/hotelgrafaite.com\/ru\/product\/konferencijos-banketai-5val\/","title":{"rendered":"KONFERENCIJOS BANKETAI 5val"},"content":{"rendered":"<p>Galime Jums pasi\u016blyti patraukli\u0105 viet\u0105 konferencijoms, seminarams, paskaitoms, pristatymams ir kitiems renginiams. \u0160iuolaikinis dizainas, apgalvota aplinka ir \u012frenginiai &#8211; viskas paruo\u0161ta J\u016bs\u0173 vedamiems mokymams, edukacijai, konferencijoms. Esame lankst\u016bs ir visuomet padedame \u012fgyvendinti J\u016bs\u0173 l\u016bkes\u010dius, primename, kad visada yra galimyb\u0117 transformuoti erdves pagal individualius poreikius Esame pasireng\u0119 pasir\u016bpinti J\u016bs\u0173 sve\u010di\u0173 maksimaliu patogumu.<\/p>","protected":false},"excerpt":{"rendered":"<p>Galime Jums pasi\u016blyti patraukli\u0105 viet\u0105 konferencijoms, seminarams, paskaitoms, pristatymams ir kitiems renginiams. \u0160iuolaikinis dizainas, apgalvota aplinka ir \u012frenginiai &#8211; viskas paruo\u0161ta J\u016bs\u0173 vedamiems mokymams, edukacijai, konferencijoms. Esame lankst\u016bs ir visuomet padedame \u012fgyvendinti J\u016bs\u0173 l\u016bkes\u010dius, primename, kad visada yra galimyb\u0117 transformuoti erdves pagal individualius poreikius Esame pasireng\u0119 pasir\u016bpinti J\u016bs\u0173 sve\u010di\u0173 maksimaliu patogumu.<\/p>","protected":false},"featured_media":3748,"comment_status":"open","ping_status":"closed","template":"","meta":{"_monsterinsights_skip_tracking":false,"_monsterinsights_sitenote_active":false,"_monsterinsights_sitenote_note":"","_monsterinsights_sitenote_category":0,"site-sidebar-layout":"default","site-content-layout":"default","ast-site-content-layout":"default","site-content-style":"default","site-sidebar-style":"default","ast-global-header-display":"","ast-banner-title-visibility":"","ast-main-header-display":"","ast-hfb-above-header-display":"","ast-hfb-below-header-display":"","ast-hfb-mobile-header-display":"","site-post-title":"","ast-breadcrumbs-content":"","ast-featured-img":"","footer-sml-layout":"","ast-disable-related-posts":"","theme-transparent-header-meta":"default","adv-header-id-meta":"","stick-header-meta":"","header-above-stick-meta":"","header-main-stick-meta":"","header-below-stick-meta":"","astra-migrate-meta-layouts":"default","ast-page-background-enabled":"default","ast-page-background-meta":{"desktop":{"background-color":"var(--ast-global-color-4)","background-image":"","background-repeat":"repeat","background-position":"center center","background-size":"auto","background-attachment":"scroll","background-type":"","background-media":"","overlay-type":"","overlay-color":"","overlay-opacity":"","overlay-gradient":""},"tablet":{"background-color":"","background-image":"","background-repeat":"repeat","background-position":"center center","background-size":"auto","background-attachment":"scroll","background-type":"","background-media":"","overlay-type":"","overlay-color":"","overlay-opacity":"","overlay-gradient":""},"mobile":{"background-color":"","background-image":"","background-repeat":"repeat","background-position":"center center","background-size":"auto","background-attachment":"scroll","background-type":"","background-media":"","overlay-type":"","overlay-color":"","overlay-opacity":"","overlay-gradient":""}},"ast-content-background-meta":{"desktop":{"background-color":"var(--ast-global-color-5)","background-image":"","background-repeat":"repeat","background-position":"center center","background-size":"auto","background-attachment":"scroll","background-type":"","background-media":"","overlay-type":"","overlay-color":"","overlay-opacity":"","overlay-gradient":""},"tablet":{"background-color":"var(--ast-global-color-5)","background-image":"","background-repeat":"repeat","background-position":"center center","background-size":"auto","background-attachment":"scroll","background-type":"","background-media":"","overlay-type":"","overlay-color":"","overlay-opacity":"","overlay-gradient":""},"mobile":{"background-color":"var(--ast-global-color-5)","background-image":"","background-repeat":"repeat","background-position":"center center","background-size":"auto","background-attachment":"scroll","background-type":"","background-media":"","overlay-type":"","overlay-color":"","overlay-opacity":"","overlay-gradient":""}}},"product_brand":[],"product_cat":[117,15],"product_tag":[],"class_list":{"0":"post-4109","1":"product","2":"type-product","3":"status-publish","4":"has-post-thumbnail","6":"product_cat-konferencijos","7":"product_cat-uncategorized","8":"desktop-align-left","9":"tablet-align-left","10":"mobile-align-left","12":"first","13":"instock","14":"virtual","15":"purchasable","16":"product-type-simple"},"aioseo_notices":[],"_links":{"self":[{"href":"https:\/\/hotelgrafaite.com\/ru\/wp-json\/wp\/v2\/product\/4109","targetHints":{"allow":["GET"]}}],"collection":[{"href":"https:\/\/hotelgrafaite.com\/ru\/wp-json\/wp\/v2\/product"}],"about":[{"href":"https:\/\/hotelgrafaite.com\/ru\/wp-json\/wp\/v2\/types\/product"}],"replies":[{"embeddable":true,"href":"https:\/\/hotelgrafaite.com\/ru\/wp-json\/wp\/v2\/comments?post=4109"}],"version-history":[{"count":1,"href":"https:\/\/hotelgrafaite.com\/ru\/wp-json\/wp\/v2\/product\/4109\/revisions"}],"predecessor-version":[{"id":4110,"href":"https:\/\/hotelgrafaite.com\/ru\/wp-json\/wp\/v2\/product\/4109\/revisions\/4110"}],"wp:featuredmedia":[{"embeddable":true,"href":"https:\/\/hotelgrafaite.com\/ru\/wp-json\/wp\/v2\/media\/3748"}],"wp:attachment":[{"href":"https:\/\/hotelgrafaite.com\/ru\/wp-json\/wp\/v2\/media?parent=4109"}],"wp:term":[{"taxonomy":"product_brand","embeddable":true,"href":"https:\/\/hotelgrafaite.com\/ru\/wp-json\/wp\/v2\/product_brand?post=4109"},{"taxonomy":"product_cat","embeddable":true,"href":"https:\/\/hotelgrafaite.com\/ru\/wp-json\/wp\/v2\/product_cat?post=4109"},{"taxonomy":"product_tag","embeddable":true,"href":"https:\/\/hotelgrafaite.com\/ru\/wp-json\/wp\/v2\/product_tag?post=4109"}],"curies":[{"name":"wp","href":"https:\/\/api.w.org\/{rel}","templated":true}]}}